{"id":1116,"date":"2019-08-17T23:14:51","date_gmt":"2019-08-17T20:14:51","guid":{"rendered":"https:\/\/breezeclinics.com\/?page_id=1116"},"modified":"2019-08-17T23:22:49","modified_gmt":"2019-08-17T20:22:49","slug":"about-us","status":"publish","type":"page","link":"https:\/\/breezeclinics.com\/en\/about-us\/","title":{"rendered":"About Us"},"content":{"rendered":"<p>[et_pb_section bb_built=&#8221;1&#8243; fullwidth=&#8221;on&#8221; _builder_version=&#8221;3.22.7&#8243; background_color=&#8221;rgba(0,0,0,0.2)&#8221; background_image=&#8221;https:\/\/breezeclinics.com\/wp-content\/uploads\/2019\/05\/procedures_header-2.jpg&#8221; background_blend=&#8221;multiply&#8221; inner_width_tablet=&#8221;50px&#8221; inner_max_width_tablet=&#8221;50px&#8221; min_height_last_edited=&#8221;on|phone&#8221; height_last_edited=&#8221;on|phone&#8221; custom_margin=&#8221;|||&#8221; custom_padding=&#8221;|||&#8221; z_index_tablet=&#8221;500&#8243; next_background_color=&#8221;#f9a093&#8243;][et_pb_fullwidth_header title=&#8221;hello, we are ClinicUp&#8221; subhead=&#8221;ABOUT US&#8221; _builder_version=&#8221;3.26.7&#8243; title_font=&#8221;Montserrat||||||||&#8221; title_text_align=&#8221;center&#8221; title_font_size=&#8221;70px&#8221; title_text_shadow_style=&#8221;preset2&#8243; title_text_shadow_horizontal_length=&#8221;0.03em&#8221; title_text_shadow_vertical_length=&#8221;0.03em&#8221; title_text_shadow_blur_strength=&#8221;0.03em&#8221; subhead_font=&#8221;Montserrat||||||||&#8221; subhead_text_align=&#8221;center&#8221; subhead_font_size=&#8221;19px&#8221; subhead_letter_spacing=&#8221;2px&#8221; subhead_text_shadow_style=&#8221;preset2&#8243; subhead_text_shadow_horizontal_length=&#8221;0.04em&#8221; subhead_text_shadow_vertical_length=&#8221;0.04em&#8221; subhead_text_shadow_blur_strength=&#8221;0.04em&#8221; subhead_text_shadow_color=&#8221;rgba(0,0,0,0.81)&#8221; background_color=&#8221;rgba(249,160,147,0)&#8221; custom_margin=&#8221;|||&#8221; custom_padding=&#8221;|||&#8221; z_index_tablet=&#8221;500&#8243; box_shadow_horizontal_image_tablet=&#8221;0px&#8221; box_shadow_vertical_image_tablet=&#8221;0px&#8221; box_shadow_blur_image_tablet=&#8221;40px&#8221; box_shadow_spread_image_tablet=&#8221;0px&#8221; text_shadow_horizontal_length=&#8221;text_shadow_style,%91object Object%93&#8243; text_shadow_horizontal_length_tablet=&#8221;0px&#8221; text_shadow_vertical_length=&#8221;text_shadow_style,%91object Object%93&#8243; text_shadow_vertical_length_tablet=&#8221;0px&#8221; text_shadow_blur_strength=&#8221;text_shadow_style,%91object Object%93&#8243; text_shadow_blur_strength_tablet=&#8221;1px&#8221; content_text_shadow_horizontal_length=&#8221;content_text_shadow_style,%91object Object%93&#8243; content_text_shadow_horizontal_length_tablet=&#8221;0px&#8221; content_text_shadow_vertical_length=&#8221;content_text_shadow_style,%91object Object%93&#8243; content_text_shadow_vertical_length_tablet=&#8221;0px&#8221; content_text_shadow_blur_strength=&#8221;content_text_shadow_style,%91object Object%93&#8243; content_text_shadow_blur_strength_tablet=&#8221;1px&#8221; content_link_text_shadow_horizontal_length=&#8221;content_link_text_shadow_style,%91object Object%93&#8243; content_link_text_shadow_horizontal_length_tablet=&#8221;0px&#8221; content_link_text_shadow_vertical_length=&#8221;content_link_text_shadow_style,%91object Object%93&#8243; content_link_text_shadow_vertical_length_tablet=&#8221;0px&#8221; content_link_text_shadow_blur_strength=&#8221;content_link_text_shadow_style,%91object Object%93&#8243; content_link_text_shadow_blur_strength_tablet=&#8221;1px&#8221; content_ul_text_shadow_horizontal_length=&#8221;content_ul_text_shadow_style,%91object Object%93&#8243; content_ul_text_shadow_horizontal_length_tablet=&#8221;0px&#8221; content_ul_text_shadow_vertical_length=&#8221;content_ul_text_shadow_style,%91object Object%93&#8243; content_ul_text_shadow_vertical_length_tablet=&#8221;0px&#8221; content_ul_text_shadow_blur_strength=&#8221;content_ul_text_shadow_style,%91object Object%93&#8243; content_ul_text_shadow_blur_strength_tablet=&#8221;1px&#8221; content_ol_text_shadow_horizontal_length=&#8221;content_ol_text_shadow_style,%91object Object%93&#8243; content_ol_text_shadow_horizontal_length_tablet=&#8221;0px&#8221; content_ol_text_shadow_vertical_length=&#8221;content_ol_text_shadow_style,%91object Object%93&#8243; content_ol_text_shadow_vertical_length_tablet=&#8221;0px&#8221; content_ol_text_shadow_blur_strength=&#8221;content_ol_text_shadow_style,%91object Object%93&#8243; content_ol_text_shadow_blur_strength_tablet=&#8221;1px&#8221; content_quote_text_shadow_horizontal_length=&#8221;content_quote_text_shadow_style,%91object Object%93&#8243; content_quote_text_shadow_horizontal_length_tablet=&#8221;0px&#8221; content_quote_text_shadow_vertical_length=&#8221;content_quote_text_shadow_style,%91object Object%93&#8243; content_quote_text_shadow_vertical_length_tablet=&#8221;0px&#8221; content_quote_text_shadow_blur_strength=&#8221;content_quote_text_shadow_style,%91object Object%93&#8243; content_quote_text_shadow_blur_strength_tablet=&#8221;1px&#8221; button_one_text_shadow_horizontal_length=&#8221;button_one_text_shadow_style,%91object Object%93&#8243; button_one_text_shadow_horizontal_length_tablet=&#8221;0px&#8221; button_one_text_shadow_vertical_length=&#8221;button_one_text_shadow_style,%91object Object%93&#8243; button_one_text_shadow_vertical_length_tablet=&#8221;0px&#8221; button_one_text_shadow_blur_strength=&#8221;button_one_text_shadow_style,%91object Object%93&#8243; button_one_text_shadow_blur_strength_tablet=&#8221;1px&#8221; box_shadow_horizontal_button_one_tablet=&#8221;0px&#8221; box_shadow_vertical_button_one_tablet=&#8221;0px&#8221; box_shadow_blur_button_one_tablet=&#8221;40px&#8221; box_shadow_spread_button_one_tablet=&#8221;0px&#8221; button_two_text_shadow_horizontal_length=&#8221;button_two_text_shadow_style,%91object Object%93&#8243; button_two_text_shadow_horizontal_length_tablet=&#8221;0px&#8221; button_two_text_shadow_vertical_length=&#8221;button_two_text_shadow_style,%91object Object%93&#8243; button_two_text_shadow_vertical_length_tablet=&#8221;0px&#8221; button_two_text_shadow_blur_strength=&#8221;button_two_text_shadow_style,%91object Object%93&#8243; button_two_text_shadow_blur_strength_tablet=&#8221;1px&#8221; box_shadow_horizontal_button_two_tablet=&#8221;0px&#8221; box_shadow_vertical_button_two_tablet=&#8221;0px&#8221; box_shadow_blur_button_two_tablet=&#8221;40px&#8221; box_shadow_spread_button_two_tablet=&#8221;0px&#8221; box_shadow_horizontal_tablet=&#8221;0px&#8221; box_shadow_vertical_tablet=&#8221;0px&#8221; box_shadow_blur_tablet=&#8221;40px&#8221; box_shadow_spread_tablet=&#8221;0px&#8221; \/][\/et_pb_section][et_pb_section bb_built=&#8221;1&#8243; _builder_version=&#8221;3.22.7&#8243; background_color=&#8221;#f9a093&#8243; width_last_edited=&#8221;on|desktop&#8221; z_index_tablet=&#8221;500&#8243; prev_background_color=&#8221;rgba(0,0,0,0.2)&#8221;][et_pb_row _builder_version=&#8221;3.25&#8243; background_size=&#8221;initial&#8221; background_position=&#8221;top_left&#8221; background_repeat=&#8221;repeat&#8221; width=&#8221;70%&#8221;][et_pb_column type=&#8221;4_4&#8243; _builder_version=&#8221;3.0.47&#8243; custom_padding=&#8221;|||&#8221; custom_padding__hover=&#8221;|||&#8221;][et_pb_text _builder_version=&#8221;3.26.7&#8243; text_font=&#8221;Montserrat||||||||&#8221; text_text_color=&#8221;#ffffff&#8221; text_font_size=&#8221;21px&#8221; text_line_height=&#8221;1.4em&#8221; text_orientation=&#8221;center&#8221; width=&#8221;100%&#8221; width_last_edited=&#8221;on|desktop&#8221; max_width=&#8221;100%&#8221; max_width_last_edited=&#8221;on|tablet&#8221; z_index_tablet=&#8221;500&#8243; text_text_shadow_horizontal_length=&#8221;text_text_shadow_style,%91object Object%93&#8243; text_text_shadow_horizontal_length_tablet=&#8221;0px&#8221; text_text_shadow_vertical_length=&#8221;text_text_shadow_style,%91object Object%93&#8243; text_text_shadow_vertical_length_tablet=&#8221;0px&#8221; text_text_shadow_blur_strength=&#8221;text_text_shadow_style,%91object Object%93&#8243; text_text_shadow_blur_strength_tablet=&#8221;1px&#8221; link_text_shadow_horizontal_length=&#8221;link_text_shadow_style,%91object Object%93&#8243; link_text_shadow_horizontal_length_tablet=&#8221;0px&#8221; link_text_shadow_vertical_length=&#8221;link_text_shadow_style,%91object Object%93&#8243; link_text_shadow_vertical_length_tablet=&#8221;0px&#8221; link_text_shadow_blur_strength=&#8221;link_text_shadow_style,%91object Object%93&#8243; link_text_shadow_blur_strength_tablet=&#8221;1px&#8221; ul_text_shadow_horizontal_length=&#8221;ul_text_shadow_style,%91object Object%93&#8243; ul_text_shadow_horizontal_length_tablet=&#8221;0px&#8221; ul_text_shadow_vertical_length=&#8221;ul_text_shadow_style,%91object Object%93&#8243; ul_text_shadow_vertical_length_tablet=&#8221;0px&#8221; ul_text_shadow_blur_strength=&#8221;ul_text_shadow_style,%91object Object%93&#8243; ul_text_shadow_blur_strength_tablet=&#8221;1px&#8221; ol_text_shadow_horizontal_length=&#8221;ol_text_shadow_style,%91object Object%93&#8243; ol_text_shadow_horizontal_length_tablet=&#8221;0px&#8221; ol_text_shadow_vertical_length=&#8221;ol_text_shadow_style,%91object Object%93&#8243; ol_text_shadow_vertical_length_tablet=&#8221;0px&#8221; ol_text_shadow_blur_strength=&#8221;ol_text_shadow_style,%91object Object%93&#8243; ol_text_shadow_blur_strength_tablet=&#8221;1px&#8221; quote_text_shadow_horizontal_length=&#8221;quote_text_shadow_style,%91object Object%93&#8243; quote_text_shadow_horizontal_length_tablet=&#8221;0px&#8221; quote_text_shadow_vertical_length=&#8221;quote_text_shadow_style,%91object Object%93&#8243; quote_text_shadow_vertical_length_tablet=&#8221;0px&#8221; quote_text_shadow_blur_strength=&#8221;quote_text_shadow_style,%91object Object%93&#8243; quote_text_shadow_blur_strength_tablet=&#8221;1px&#8221; header_text_shadow_horizontal_length=&#8221;header_text_shadow_style,%91object Object%93&#8243; header_text_shadow_horizontal_length_tablet=&#8221;0px&#8221; header_text_shadow_vertical_length=&#8221;header_text_shadow_style,%91object Object%93&#8243; header_text_shadow_vertical_length_tablet=&#8221;0px&#8221; header_text_shadow_blur_strength=&#8221;header_text_shadow_style,%91object Object%93&#8243; header_text_shadow_blur_strength_tablet=&#8221;1px&#8221; header_2_text_shadow_horizontal_length=&#8221;header_2_text_shadow_style,%91object Object%93&#8243; header_2_text_shadow_horizontal_length_tablet=&#8221;0px&#8221; header_2_text_shadow_vertical_length=&#8221;header_2_text_shadow_style,%91object Object%93&#8243; header_2_text_shadow_vertical_length_tablet=&#8221;0px&#8221; header_2_text_shadow_blur_strength=&#8221;header_2_text_shadow_style,%91object Object%93&#8243; header_2_text_shadow_blur_strength_tablet=&#8221;1px&#8221; header_3_text_shadow_horizontal_length=&#8221;header_3_text_shadow_style,%91object Object%93&#8243; header_3_text_shadow_horizontal_length_tablet=&#8221;0px&#8221; header_3_text_shadow_vertical_length=&#8221;header_3_text_shadow_style,%91object Object%93&#8243; header_3_text_shadow_vertical_length_tablet=&#8221;0px&#8221; header_3_text_shadow_blur_strength=&#8221;header_3_text_shadow_style,%91object Object%93&#8243; header_3_text_shadow_blur_strength_tablet=&#8221;1px&#8221; header_4_text_shadow_horizontal_length=&#8221;header_4_text_shadow_style,%91object Object%93&#8243; header_4_text_shadow_horizontal_length_tablet=&#8221;0px&#8221; header_4_text_shadow_vertical_length=&#8221;header_4_text_shadow_style,%91object Object%93&#8243; header_4_text_shadow_vertical_length_tablet=&#8221;0px&#8221; header_4_text_shadow_blur_strength=&#8221;header_4_text_shadow_style,%91object Object%93&#8243; header_4_text_shadow_blur_strength_tablet=&#8221;1px&#8221; header_5_text_shadow_horizontal_length=&#8221;header_5_text_shadow_style,%91object Object%93&#8243; header_5_text_shadow_horizontal_length_tablet=&#8221;0px&#8221; header_5_text_shadow_vertical_length=&#8221;header_5_text_shadow_style,%91object Object%93&#8243; header_5_text_shadow_vertical_length_tablet=&#8221;0px&#8221; header_5_text_shadow_blur_strength=&#8221;header_5_text_shadow_style,%91object Object%93&#8243; header_5_text_shadow_blur_strength_tablet=&#8221;1px&#8221; header_6_text_shadow_horizontal_length=&#8221;header_6_text_shadow_style,%91object Object%93&#8243; header_6_text_shadow_horizontal_length_tablet=&#8221;0px&#8221; header_6_text_shadow_vertical_length=&#8221;header_6_text_shadow_style,%91object Object%93&#8243; header_6_text_shadow_vertical_length_tablet=&#8221;0px&#8221; header_6_text_shadow_blur_strength=&#8221;header_6_text_shadow_style,%91object Object%93&#8243; header_6_text_shadow_blur_strength_tablet=&#8221;1px&#8221; box_shadow_horizontal_tablet=&#8221;0px&#8221; box_shadow_vertical_tablet=&#8221;0px&#8221; box_shadow_blur_tablet=&#8221;40px&#8221; box_shadow_spread_tablet=&#8221;0px&#8221;]<\/p>\n<p>ClinicUp is the newest brand of Natural Healthcare Management, which successfully operates in this sector since early 2007, in Ni\u015fanta\u015f\u0131. It provides services in Anti-Aging, Medical Aesthetic, Skin Care, Healthy Life &#038; Weight Loss and Plastic Surgery (consultancy) with its expert physician and his team. Its most distinguishing feature is its capability to offer the latest treatments to its patients in its chic and modern facilities at the most suitable prices. ClinicUp, which has started to operate with the motto of &#8220;Everyone deserves quality&#8221;, makes its visitors feel themselves at home and does always prioritize the health. It is possible to safely become beautiful at ClinicUp.<\/p>\n<p>[\/et_pb_text][\/et_pb_column][\/et_pb_row][\/et_pb_section]<\/p>\n","protected":false},"excerpt":{"rendered":"<p>ClinicUp is the newest brand of Natural Healthcare Management, which successfully operates in this sector since early 2007, in Ni\u015fanta\u015f\u0131. It provides services in Anti-Aging, Medical Aesthetic, Skin Care, Healthy Life &#038; Weight Loss and Plastic Surgery (consultancy) with its expert physician and his team. Its most distinguishing feature is its capability to offer the [&hellip;]<\/p>\n","protected":false},"author":8,"featured_media":0,"parent":0,"menu_order":0,"comment_status":"closed","ping_status":"closed","template":"","meta":{"_et_pb_use_builder":"on","_et_pb_old_content":"","_et_gb_content_width":""},"yoast_head":"<!-- This site is optimized with the Yoast SEO plugin v19.0 - https:\/\/yoast.com\/wordpress\/plugins\/seo\/ -->\n<title>About Us - Breeze Clinics<\/title>\n<meta name=\"robots\" content=\"index, follow, max-snippet:-1, max-image-preview:large, max-video-preview:-1\" \/>\n<link rel=\"canonical\" href=\"https:\/\/breezeclinics.com\/en\/about-us\/\" \/>\n<meta property=\"og:locale\" content=\"en_US\" \/>\n<meta property=\"og:type\" content=\"article\" \/>\n<meta property=\"og:title\" content=\"About Us - Breeze Clinics\" \/>\n<meta property=\"og:description\" content=\"ClinicUp is the newest brand of Natural Healthcare Management, which successfully operates in this sector since early 2007, in Ni\u015fanta\u015f\u0131. It provides services in Anti-Aging, Medical Aesthetic, Skin Care, Healthy Life &amp; Weight Loss and Plastic Surgery (consultancy) with its expert physician and his team. Its most distinguishing feature is its capability to offer the [&hellip;]\" \/>\n<meta property=\"og:url\" content=\"https:\/\/breezeclinics.com\/en\/about-us\/\" \/>\n<meta property=\"og:site_name\" content=\"Breeze Clinics\" \/>\n<meta property=\"article:publisher\" content=\"https:\/\/www.facebook.com\/Breezeclinicistanbul\/\" \/>\n<meta property=\"article:modified_time\" content=\"2019-08-17T20:22:49+00:00\" \/>\n<meta name=\"twitter:card\" content=\"summary_large_image\" \/>\n<meta name=\"twitter:label1\" content=\"Est. reading time\" \/>\n\t<meta name=\"twitter:data1\" content=\"8 minutes\" \/>\n<script type=\"application\/ld+json\" class=\"yoast-schema-graph\">{\"@context\":\"https:\/\/schema.org\",\"@graph\":[{\"@type\":\"Organization\",\"@id\":\"https:\/\/breezeclinics.com\/#organization\",\"name\":\"Breeze Clinic\",\"url\":\"https:\/\/breezeclinics.com\/\",\"sameAs\":[\"https:\/\/www.instagram.com\/breezeclinic\/\",\"https:\/\/www.facebook.com\/Breezeclinicistanbul\/\"],\"logo\":{\"@type\":\"ImageObject\",\"inLanguage\":\"en-US\",\"@id\":\"https:\/\/breezeclinics.com\/#\/schema\/logo\/image\/\",\"url\":\"https:\/\/breezeclinics.com\/wp-content\/uploads\/2022\/06\/breezeclinic.jpg\",\"contentUrl\":\"https:\/\/breezeclinics.com\/wp-content\/uploads\/2022\/06\/breezeclinic.jpg\",\"width\":750,\"height\":825,\"caption\":\"Breeze Clinic\"},\"image\":{\"@id\":\"https:\/\/breezeclinics.com\/#\/schema\/logo\/image\/\"}},{\"@type\":\"WebSite\",\"@id\":\"https:\/\/breezeclinics.com\/#website\",\"url\":\"https:\/\/breezeclinics.com\/\",\"name\":\"Breeze Clinics\",\"description\":\"Sa\u011fl\u0131kl\u0131 Ya\u015fam Merkezi\",\"publisher\":{\"@id\":\"https:\/\/breezeclinics.com\/#organization\"},\"potentialAction\":[{\"@type\":\"SearchAction\",\"target\":{\"@type\":\"EntryPoint\",\"urlTemplate\":\"https:\/\/breezeclinics.com\/?s={search_term_string}\"},\"query-input\":\"required name=search_term_string\"}],\"inLanguage\":\"en-US\"},{\"@type\":\"WebPage\",\"@id\":\"https:\/\/breezeclinics.com\/en\/about-us\/#webpage\",\"url\":\"https:\/\/breezeclinics.com\/en\/about-us\/\",\"name\":\"About Us - Breeze Clinics\",\"isPartOf\":{\"@id\":\"https:\/\/breezeclinics.com\/#website\"},\"datePublished\":\"2019-08-17T20:14:51+00:00\",\"dateModified\":\"2019-08-17T20:22:49+00:00\",\"breadcrumb\":{\"@id\":\"https:\/\/breezeclinics.com\/en\/about-us\/#breadcrumb\"},\"inLanguage\":\"en-US\",\"potentialAction\":[{\"@type\":\"ReadAction\",\"target\":[\"https:\/\/breezeclinics.com\/en\/about-us\/\"]}]},{\"@type\":\"BreadcrumbList\",\"@id\":\"https:\/\/breezeclinics.com\/en\/about-us\/#breadcrumb\",\"itemListElement\":[{\"@type\":\"ListItem\",\"position\":1,\"name\":\"Ana sayfa\",\"item\":\"https:\/\/breezeclinics.com\/en\/\"},{\"@type\":\"ListItem\",\"position\":2,\"name\":\"About Us\"}]}]}<\/script>\n<!-- \/ Yoast SEO plugin. -->","yoast_head_json":{"title":"About Us - Breeze Clinics","robots":{"index":"index","follow":"follow","max-snippet":"max-snippet:-1","max-image-preview":"max-image-preview:large","max-video-preview":"max-video-preview:-1"},"canonical":"https:\/\/breezeclinics.com\/en\/about-us\/","og_locale":"en_US","og_type":"article","og_title":"About Us - Breeze Clinics","og_description":"ClinicUp is the newest brand of Natural Healthcare Management, which successfully operates in this sector since early 2007, in Ni\u015fanta\u015f\u0131. It provides services in Anti-Aging, Medical Aesthetic, Skin Care, Healthy Life & Weight Loss and Plastic Surgery (consultancy) with its expert physician and his team. Its most distinguishing feature is its capability to offer the [&hellip;]","og_url":"https:\/\/breezeclinics.com\/en\/about-us\/","og_site_name":"Breeze Clinics","article_publisher":"https:\/\/www.facebook.com\/Breezeclinicistanbul\/","article_modified_time":"2019-08-17T20:22:49+00:00","twitter_card":"summary_large_image","twitter_misc":{"Est. reading time":"8 minutes"},"schema":{"@context":"https:\/\/schema.org","@graph":[{"@type":"Organization","@id":"https:\/\/breezeclinics.com\/#organization","name":"Breeze Clinic","url":"https:\/\/breezeclinics.com\/","sameAs":["https:\/\/www.instagram.com\/breezeclinic\/","https:\/\/www.facebook.com\/Breezeclinicistanbul\/"],"logo":{"@type":"ImageObject","inLanguage":"en-US","@id":"https:\/\/breezeclinics.com\/#\/schema\/logo\/image\/","url":"https:\/\/breezeclinics.com\/wp-content\/uploads\/2022\/06\/breezeclinic.jpg","contentUrl":"https:\/\/breezeclinics.com\/wp-content\/uploads\/2022\/06\/breezeclinic.jpg","width":750,"height":825,"caption":"Breeze Clinic"},"image":{"@id":"https:\/\/breezeclinics.com\/#\/schema\/logo\/image\/"}},{"@type":"WebSite","@id":"https:\/\/breezeclinics.com\/#website","url":"https:\/\/breezeclinics.com\/","name":"Breeze Clinics","description":"Sa\u011fl\u0131kl\u0131 Ya\u015fam Merkezi","publisher":{"@id":"https:\/\/breezeclinics.com\/#organization"},"potentialAction":[{"@type":"SearchAction","target":{"@type":"EntryPoint","urlTemplate":"https:\/\/breezeclinics.com\/?s={search_term_string}"},"query-input":"required name=search_term_string"}],"inLanguage":"en-US"},{"@type":"WebPage","@id":"https:\/\/breezeclinics.com\/en\/about-us\/#webpage","url":"https:\/\/breezeclinics.com\/en\/about-us\/","name":"About Us - Breeze Clinics","isPartOf":{"@id":"https:\/\/breezeclinics.com\/#website"},"datePublished":"2019-08-17T20:14:51+00:00","dateModified":"2019-08-17T20:22:49+00:00","breadcrumb":{"@id":"https:\/\/breezeclinics.com\/en\/about-us\/#breadcrumb"},"inLanguage":"en-US","potentialAction":[{"@type":"ReadAction","target":["https:\/\/breezeclinics.com\/en\/about-us\/"]}]},{"@type":"BreadcrumbList","@id":"https:\/\/breezeclinics.com\/en\/about-us\/#breadcrumb","itemListElement":[{"@type":"ListItem","position":1,"name":"Ana sayfa","item":"https:\/\/breezeclinics.com\/en\/"},{"@type":"ListItem","position":2,"name":"About Us"}]}]}},"_links":{"self":[{"href":"https:\/\/breezeclinics.com\/en\/wp-json\/wp\/v2\/pages\/1116"}],"collection":[{"href":"https:\/\/breezeclinics.com\/en\/wp-json\/wp\/v2\/pages"}],"about":[{"href":"https:\/\/breezeclinics.com\/en\/wp-json\/wp\/v2\/types\/page"}],"author":[{"embeddable":true,"href":"https:\/\/breezeclinics.com\/en\/wp-json\/wp\/v2\/users\/8"}],"replies":[{"embeddable":true,"href":"https:\/\/breezeclinics.com\/en\/wp-json\/wp\/v2\/comments?post=1116"}],"version-history":[{"count":3,"href":"https:\/\/breezeclinics.com\/en\/wp-json\/wp\/v2\/pages\/1116\/revisions"}],"predecessor-version":[{"id":1125,"href":"https:\/\/breezeclinics.com\/en\/wp-json\/wp\/v2\/pages\/1116\/revisions\/1125"}],"wp:attachment":[{"href":"https:\/\/breezeclinics.com\/en\/wp-json\/wp\/v2\/media?parent=1116"}],"curies":[{"name":"wp","href":"https:\/\/api.w.org\/{rel}","templated":true}]}}