{"id":1121,"date":"2019-08-17T23:20:17","date_gmt":"2019-08-17T20:20:17","guid":{"rendered":"https:\/\/breezeclinics.com\/?page_id=1121"},"modified":"2020-11-15T12:23:29","modified_gmt":"2020-11-15T09:23:29","slug":"contact-us","status":"publish","type":"page","link":"https:\/\/breezeclinics.com\/en\/contact-us\/","title":{"rendered":"Contact Us"},"content":{"rendered":"<p>[et_pb_section fb_built=&#8221;1&#8243; fullwidth=&#8221;on&#8221; _builder_version=&#8221;3.22.7&#8243; background_color=&#8221;rgba(0,0,0,0.2)&#8221; background_image=&#8221;https:\/\/breezeclinics.com\/wp-content\/uploads\/2019\/05\/beautiful-woman-face.jpg&#8221; background_blend=&#8221;multiply&#8221; inner_width_tablet=&#8221;50px&#8221; inner_max_width_tablet=&#8221;50px&#8221; min_height_tablet=&#8221;&#8221; min_height_phone=&#8221;&#8221; min_height_last_edited=&#8221;on|phone&#8221; height_tablet=&#8221;&#8221; height_phone=&#8221;&#8221; height_last_edited=&#8221;on|phone&#8221; custom_margin=&#8221;|||&#8221; custom_padding=&#8221;|||&#8221; z_index_tablet=&#8221;500&#8243;][et_pb_fullwidth_header title=&#8221;contact us!&#8221; _builder_version=&#8221;3.22.7&#8243; title_font=&#8221;Montserrat||||||||&#8221; title_text_align=&#8221;center&#8221; title_font_size=&#8221;70px&#8221; subhead_font=&#8221;Montserrat||||||||&#8221; subhead_text_align=&#8221;center&#8221; subhead_font_size=&#8221;19px&#8221; subhead_letter_spacing=&#8221;2px&#8221; background_color=&#8221;rgba(249,160,147,0)&#8221; custom_margin=&#8221;|||&#8221; custom_padding=&#8221;|||&#8221; z_index_tablet=&#8221;500&#8243; title_text_shadow_style=&#8221;preset2&#8243; title_text_shadow_horizontal_length=&#8221;0.03em&#8221; title_text_shadow_vertical_length=&#8221;0.03em&#8221; title_text_shadow_blur_strength=&#8221;0.03em&#8221; subhead_text_shadow_style=&#8221;preset2&#8243; subhead_text_shadow_horizontal_length=&#8221;0.04em&#8221; subhead_text_shadow_vertical_length=&#8221;0.04em&#8221; subhead_text_shadow_blur_strength=&#8221;0.04em&#8221; subhead_text_shadow_color=&#8221;rgba(0,0,0,0.81)&#8221;][\/et_pb_fullwidth_header][\/et_pb_section][et_pb_section fb_built=&#8221;1&#8243; _builder_version=&#8221;3.22.7&#8243; background_color=&#8221;#f9a093&#8243; width_tablet=&#8221;&#8221; width_phone=&#8221;&#8221; width_last_edited=&#8221;on|desktop&#8221; z_index_tablet=&#8221;500&#8243;][et_pb_row _builder_version=&#8221;3.25&#8243; background_size=&#8221;initial&#8221; background_position=&#8221;top_left&#8221; background_repeat=&#8221;repeat&#8221; width=&#8221;70%&#8221;][et_pb_column type=&#8221;4_4&#8243; _builder_version=&#8221;3.25&#8243; custom_padding=&#8221;|||&#8221; custom_padding__hover=&#8221;|||&#8221;][et_pb_text _builder_version=&#8221;3.27.4&#8243; text_font=&#8221;Montserrat||||||||&#8221; text_text_color=&#8221;#ffffff&#8221; text_font_size=&#8221;21px&#8221; text_line_height=&#8221;1.4em&#8221; text_orientation=&#8221;center&#8221; width=&#8221;100%&#8221; width_tablet=&#8221;&#8221; width_phone=&#8221;&#8221; width_last_edited=&#8221;on|desktop&#8221; max_width=&#8221;100%&#8221; max_width_tablet=&#8221;&#8221; max_width_phone=&#8221;&#8221; max_width_last_edited=&#8221;on|tablet&#8221; z_index_tablet=&#8221;500&#8243;]<\/p>\n<p>For detailed information regarding appointments, questions and our services please do not hesitate to contact us.<\/p>\n<p>[\/et_pb_text][\/et_pb_column][\/et_pb_row][\/et_pb_section][et_pb_section fb_built=&#8221;1&#8243; _builder_version=&#8221;3.22.7&#8243; custom_padding=&#8221;||0px|||&#8221;][et_pb_row _builder_version=&#8221;3.25&#8243; width_tablet=&#8221;75%&#8221; width_phone=&#8221;80%&#8221; width_last_edited=&#8221;on|phone&#8221;][et_pb_column type=&#8221;4_4&#8243; _builder_version=&#8221;3.25&#8243; custom_padding=&#8221;|||&#8221; custom_padding__hover=&#8221;|||&#8221;][et_pb_contact_form email=&#8221;info@breezeclinics.com&#8221; custom_message=&#8221;Ad, Soyad: %%adiniz%%||et_pb_line_break_holder||ePosta: %%eposta%%||et_pb_line_break_holder||Telefon: %%telefon%%||et_pb_line_break_holder||Mesaj: %%iletiniz%%&#8221; success_message=&#8221;Thank you. We will get in touch with you as soon as possible.&#8221; submit_button_text=&#8221;Send&#8221; _builder_version=&#8221;4.7.0&#8243; z_index_tablet=&#8221;500&#8243; captcha_text_shadow_horizontal_length_tablet=&#8221;0px&#8221; captcha_text_shadow_vertical_length_tablet=&#8221;0px&#8221; captcha_text_shadow_blur_strength_tablet=&#8221;1px&#8221; box_shadow_horizontal_tablet=&#8221;0px&#8221; box_shadow_vertical_tablet=&#8221;0px&#8221; box_shadow_blur_tablet=&#8221;40px&#8221; box_shadow_spread_tablet=&#8221;0px&#8221; box_shadow_horizontal_button_tablet=&#8221;0px&#8221; box_shadow_vertical_button_tablet=&#8221;0px&#8221; box_shadow_blur_button_tablet=&#8221;40px&#8221; box_shadow_spread_button_tablet=&#8221;0px&#8221;][et_pb_contact_field field_id=&#8221;adiniz&#8221; field_title=&#8221;Name (required)&#8221; _builder_version=&#8221;3.22.7&#8243;][\/et_pb_contact_field][et_pb_contact_field field_id=&#8221;eposta&#8221; field_title=&#8221;eMail Address (required)&#8221; field_type=&#8221;email&#8221; _builder_version=&#8221;3.22.7&#8243;][\/et_pb_contact_field][et_pb_contact_field field_id=&#8221;telefon&#8221; field_title=&#8221;Phone Number&#8221; fullwidth_field=&#8221;on&#8221; _builder_version=&#8221;3.22.7&#8243;][\/et_pb_contact_field][et_pb_contact_field field_id=&#8221;iletiniz&#8221; field_title=&#8221;Your Message&#8221; field_type=&#8221;text&#8221; _builder_version=&#8221;3.22.7&#8243;][\/et_pb_contact_field][\/et_pb_contact_form][\/et_pb_column][\/et_pb_row][\/et_pb_section][et_pb_section fb_built=&#8221;1&#8243; fullwidth=&#8221;on&#8221; _builder_version=&#8221;3.22.3&#8243;][et_pb_fullwidth_map address=&#8221;Te\u015fvikiye, Sezai Selek Sk. No:20, 34365 \u015ei\u015fli\/\u0130stanbul, T\u00fcrkiye&#8221; address_lat=&#8221;41.0539059&#8243; address_lng=&#8221;28.995638600000007&#8243; _builder_version=&#8221;3.22.7&#8243; z_index_tablet=&#8221;500&#8243;][et_pb_map_pin title=&#8221;Breeze Clinics&#8221; pin_address=&#8221;Te\u015fvikiye, Sezai Selek Sk. No:20, 34365 \u015ei\u015fli\/\u0130stanbul, T\u00fcrkiye&#8221; pin_address_lat=&#8221;41.0539059&#8243; pin_address_lng=&#8221;28.995638600000007&#8243; _builder_version=&#8221;3.22.7&#8243;][\/et_pb_map_pin][\/et_pb_fullwidth_map][\/et_pb_section]<\/p>\n","protected":false},"excerpt":{"rendered":"<p>For detailed information regarding appointments, questions and our services please do not hesitate to contact us.<\/p>\n","protected":false},"author":8,"featured_media":0,"parent":0,"menu_order":0,"comment_status":"closed","ping_status":"closed","template":"","meta":{"_et_pb_use_builder":"on","_et_pb_old_content":"","_et_gb_content_width":""},"yoast_head":"<!-- This site is optimized with the Yoast SEO plugin v19.0 - https:\/\/yoast.com\/wordpress\/plugins\/seo\/ -->\n<title>Contact Us - Breeze Clinics<\/title>\n<meta name=\"robots\" content=\"index, follow, max-snippet:-1, max-image-preview:large, max-video-preview:-1\" \/>\n<link rel=\"canonical\" href=\"https:\/\/breezeclinics.com\/en\/contact-us\/\" \/>\n<meta property=\"og:locale\" content=\"en_US\" \/>\n<meta property=\"og:type\" content=\"article\" \/>\n<meta property=\"og:title\" content=\"Contact Us - Breeze Clinics\" \/>\n<meta property=\"og:description\" content=\"For detailed information regarding appointments, questions and our services please do not hesitate to contact us.\" \/>\n<meta property=\"og:url\" content=\"https:\/\/breezeclinics.com\/en\/contact-us\/\" \/>\n<meta property=\"og:site_name\" content=\"Breeze Clinics\" \/>\n<meta property=\"article:publisher\" content=\"https:\/\/www.facebook.com\/Breezeclinicistanbul\/\" \/>\n<meta property=\"article:modified_time\" content=\"2020-11-15T09:23:29+00:00\" \/>\n<meta name=\"twitter:card\" content=\"summary_large_image\" \/>\n<meta name=\"twitter:label1\" content=\"Est. reading time\" \/>\n\t<meta name=\"twitter:data1\" content=\"3 minutes\" \/>\n<script type=\"application\/ld+json\" class=\"yoast-schema-graph\">{\"@context\":\"https:\/\/schema.org\",\"@graph\":[{\"@type\":\"Organization\",\"@id\":\"https:\/\/breezeclinics.com\/#organization\",\"name\":\"Breeze Clinic\",\"url\":\"https:\/\/breezeclinics.com\/\",\"sameAs\":[\"https:\/\/www.instagram.com\/breezeclinic\/\",\"https:\/\/www.facebook.com\/Breezeclinicistanbul\/\"],\"logo\":{\"@type\":\"ImageObject\",\"inLanguage\":\"en-US\",\"@id\":\"https:\/\/breezeclinics.com\/#\/schema\/logo\/image\/\",\"url\":\"https:\/\/breezeclinics.com\/wp-content\/uploads\/2022\/06\/breezeclinic.jpg\",\"contentUrl\":\"https:\/\/breezeclinics.com\/wp-content\/uploads\/2022\/06\/breezeclinic.jpg\",\"width\":750,\"height\":825,\"caption\":\"Breeze Clinic\"},\"image\":{\"@id\":\"https:\/\/breezeclinics.com\/#\/schema\/logo\/image\/\"}},{\"@type\":\"WebSite\",\"@id\":\"https:\/\/breezeclinics.com\/#website\",\"url\":\"https:\/\/breezeclinics.com\/\",\"name\":\"Breeze Clinics\",\"description\":\"Sa\u011fl\u0131kl\u0131 Ya\u015fam Merkezi\",\"publisher\":{\"@id\":\"https:\/\/breezeclinics.com\/#organization\"},\"potentialAction\":[{\"@type\":\"SearchAction\",\"target\":{\"@type\":\"EntryPoint\",\"urlTemplate\":\"https:\/\/breezeclinics.com\/?s={search_term_string}\"},\"query-input\":\"required name=search_term_string\"}],\"inLanguage\":\"en-US\"},{\"@type\":\"WebPage\",\"@id\":\"https:\/\/breezeclinics.com\/en\/contact-us\/#webpage\",\"url\":\"https:\/\/breezeclinics.com\/en\/contact-us\/\",\"name\":\"Contact Us - Breeze Clinics\",\"isPartOf\":{\"@id\":\"https:\/\/breezeclinics.com\/#website\"},\"datePublished\":\"2019-08-17T20:20:17+00:00\",\"dateModified\":\"2020-11-15T09:23:29+00:00\",\"breadcrumb\":{\"@id\":\"https:\/\/breezeclinics.com\/en\/contact-us\/#breadcrumb\"},\"inLanguage\":\"en-US\",\"potentialAction\":[{\"@type\":\"ReadAction\",\"target\":[\"https:\/\/breezeclinics.com\/en\/contact-us\/\"]}]},{\"@type\":\"BreadcrumbList\",\"@id\":\"https:\/\/breezeclinics.com\/en\/contact-us\/#breadcrumb\",\"itemListElement\":[{\"@type\":\"ListItem\",\"position\":1,\"name\":\"Ana sayfa\",\"item\":\"https:\/\/breezeclinics.com\/en\/\"},{\"@type\":\"ListItem\",\"position\":2,\"name\":\"Contact Us\"}]}]}<\/script>\n<!-- \/ Yoast SEO plugin. -->","yoast_head_json":{"title":"Contact Us - Breeze Clinics","robots":{"index":"index","follow":"follow","max-snippet":"max-snippet:-1","max-image-preview":"max-image-preview:large","max-video-preview":"max-video-preview:-1"},"canonical":"https:\/\/breezeclinics.com\/en\/contact-us\/","og_locale":"en_US","og_type":"article","og_title":"Contact Us - Breeze Clinics","og_description":"For detailed information regarding appointments, questions and our services please do not hesitate to contact us.","og_url":"https:\/\/breezeclinics.com\/en\/contact-us\/","og_site_name":"Breeze Clinics","article_publisher":"https:\/\/www.facebook.com\/Breezeclinicistanbul\/","article_modified_time":"2020-11-15T09:23:29+00:00","twitter_card":"summary_large_image","twitter_misc":{"Est. reading time":"3 minutes"},"schema":{"@context":"https:\/\/schema.org","@graph":[{"@type":"Organization","@id":"https:\/\/breezeclinics.com\/#organization","name":"Breeze Clinic","url":"https:\/\/breezeclinics.com\/","sameAs":["https:\/\/www.instagram.com\/breezeclinic\/","https:\/\/www.facebook.com\/Breezeclinicistanbul\/"],"logo":{"@type":"ImageObject","inLanguage":"en-US","@id":"https:\/\/breezeclinics.com\/#\/schema\/logo\/image\/","url":"https:\/\/breezeclinics.com\/wp-content\/uploads\/2022\/06\/breezeclinic.jpg","contentUrl":"https:\/\/breezeclinics.com\/wp-content\/uploads\/2022\/06\/breezeclinic.jpg","width":750,"height":825,"caption":"Breeze Clinic"},"image":{"@id":"https:\/\/breezeclinics.com\/#\/schema\/logo\/image\/"}},{"@type":"WebSite","@id":"https:\/\/breezeclinics.com\/#website","url":"https:\/\/breezeclinics.com\/","name":"Breeze Clinics","description":"Sa\u011fl\u0131kl\u0131 Ya\u015fam Merkezi","publisher":{"@id":"https:\/\/breezeclinics.com\/#organization"},"potentialAction":[{"@type":"SearchAction","target":{"@type":"EntryPoint","urlTemplate":"https:\/\/breezeclinics.com\/?s={search_term_string}"},"query-input":"required name=search_term_string"}],"inLanguage":"en-US"},{"@type":"WebPage","@id":"https:\/\/breezeclinics.com\/en\/contact-us\/#webpage","url":"https:\/\/breezeclinics.com\/en\/contact-us\/","name":"Contact Us - Breeze Clinics","isPartOf":{"@id":"https:\/\/breezeclinics.com\/#website"},"datePublished":"2019-08-17T20:20:17+00:00","dateModified":"2020-11-15T09:23:29+00:00","breadcrumb":{"@id":"https:\/\/breezeclinics.com\/en\/contact-us\/#breadcrumb"},"inLanguage":"en-US","potentialAction":[{"@type":"ReadAction","target":["https:\/\/breezeclinics.com\/en\/contact-us\/"]}]},{"@type":"BreadcrumbList","@id":"https:\/\/breezeclinics.com\/en\/contact-us\/#breadcrumb","itemListElement":[{"@type":"ListItem","position":1,"name":"Ana sayfa","item":"https:\/\/breezeclinics.com\/en\/"},{"@type":"ListItem","position":2,"name":"Contact Us"}]}]}},"_links":{"self":[{"href":"https:\/\/breezeclinics.com\/en\/wp-json\/wp\/v2\/pages\/1121"}],"collection":[{"href":"https:\/\/breezeclinics.com\/en\/wp-json\/wp\/v2\/pages"}],"about":[{"href":"https:\/\/breezeclinics.com\/en\/wp-json\/wp\/v2\/types\/page"}],"author":[{"embeddable":true,"href":"https:\/\/breezeclinics.com\/en\/wp-json\/wp\/v2\/users\/8"}],"replies":[{"embeddable":true,"href":"https:\/\/breezeclinics.com\/en\/wp-json\/wp\/v2\/comments?post=1121"}],"version-history":[{"count":9,"href":"https:\/\/breezeclinics.com\/en\/wp-json\/wp\/v2\/pages\/1121\/revisions"}],"predecessor-version":[{"id":1716,"href":"https:\/\/breezeclinics.com\/en\/wp-json\/wp\/v2\/pages\/1121\/revisions\/1716"}],"wp:attachment":[{"href":"https:\/\/breezeclinics.com\/en\/wp-json\/wp\/v2\/media?parent=1121"}],"curies":[{"name":"wp","href":"https:\/\/api.w.org\/{rel}","templated":true}]}}