{"id":325,"date":"2019-05-15T15:23:01","date_gmt":"2019-05-15T15:23:01","guid":{"rendered":"http:\/\/breezeclinics.com\/wp\/?page_id=325"},"modified":"2019-10-06T03:25:25","modified_gmt":"2019-10-06T00:25:25","slug":"velashape","status":"publish","type":"page","link":"https:\/\/breezeclinics.com\/wp\/servisler\/velashape\/","title":{"rendered":"Velashape"},"content":{"rendered":"<p>[et_pb_section fb_built=&#8221;1&#8243; fullwidth=&#8221;on&#8221; _builder_version=&#8221;3.22.7&#8243; background_color=&#8221;rgba(0,0,0,0.2)&#8221; background_image=&#8221;http:\/\/breezeclinics.com\/wp\/wp-content\/uploads\/2019\/05\/beautiful-woman-face.jpg&#8221; background_blend=&#8221;multiply&#8221; inner_width_tablet=&#8221;50px&#8221; inner_max_width_tablet=&#8221;50px&#8221; min_height_last_edited=&#8221;on|phone&#8221; height_last_edited=&#8221;on|phone&#8221; custom_margin=&#8221;|||&#8221; custom_padding=&#8221;|||&#8221; z_index_tablet=&#8221;500&#8243; bb_built=&#8221;1&#8243; _i=&#8221;0&#8243; _address=&#8221;0&#8243;][et_pb_fullwidth_header title=&#8221;velashape&#8221; subhead=&#8221;SA\u011eLIKLI YA\u015eAM VE ZAYIFLAMA&#8221; _builder_version=&#8221;3.22.7&#8243; title_font=&#8221;Montserrat||||||||&#8221; title_text_align=&#8221;center&#8221; title_font_size=&#8221;70px&#8221; subhead_font=&#8221;Montserrat||||||||&#8221; subhead_text_align=&#8221;center&#8221; subhead_font_size=&#8221;19px&#8221; subhead_letter_spacing=&#8221;2px&#8221; background_color=&#8221;rgba(249,160,147,0)&#8221; custom_margin=&#8221;|||&#8221; custom_padding=&#8221;|||&#8221; z_index_tablet=&#8221;500&#8243; title_text_shadow_style=&#8221;preset2&#8243; title_text_shadow_horizontal_length=&#8221;0.03em&#8221; title_text_shadow_vertical_length=&#8221;0.03em&#8221; title_text_shadow_blur_strength=&#8221;0.03em&#8221; subhead_text_shadow_style=&#8221;preset2&#8243; subhead_text_shadow_horizontal_length=&#8221;0.04em&#8221; subhead_text_shadow_vertical_length=&#8221;0.04em&#8221; subhead_text_shadow_blur_strength=&#8221;0.04em&#8221; subhead_text_shadow_color=&#8221;rgba(0,0,0,0.81)&#8221; _i=&#8221;0&#8243; _address=&#8221;0.0&#8243;][\/et_pb_fullwidth_header][\/et_pb_section][et_pb_section fb_built=&#8221;1&#8243; _builder_version=&#8221;3.22.7&#8243; background_color=&#8221;#f9a093&#8243; width_last_edited=&#8221;on|desktop&#8221; z_index_tablet=&#8221;500&#8243; bb_built=&#8221;1&#8243; _i=&#8221;1&#8243; _address=&#8221;1&#8243;][et_pb_row _builder_version=&#8221;3.25&#8243; background_size=&#8221;initial&#8221; background_position=&#8221;top_left&#8221; background_repeat=&#8221;repeat&#8221; width=&#8221;70%&#8221; _i=&#8221;0&#8243; _address=&#8221;1.0&#8243;][et_pb_column type=&#8221;4_4&#8243; _builder_version=&#8221;3.25&#8243; custom_padding=&#8221;|||&#8221; _i=&#8221;0&#8243; _address=&#8221;1.0.0&#8243; custom_padding__hover=&#8221;|||&#8221;][et_pb_text _builder_version=&#8221;3.27.4&#8243; text_font=&#8221;Montserrat||||||||&#8221; text_text_color=&#8221;#ffffff&#8221; text_font_size=&#8221;21px&#8221; text_line_height=&#8221;1.4em&#8221; text_orientation=&#8221;center&#8221; width=&#8221;100%&#8221; width_last_edited=&#8221;on|desktop&#8221; max_width=&#8221;100%&#8221; max_width_last_edited=&#8221;on|tablet&#8221; z_index_tablet=&#8221;500&#8243; _i=&#8221;0&#8243; _address=&#8221;1.0.0.0&#8243;]Hamilelik sonras\u0131nda olu\u015fan s\u0131k\u0131la\u015fma ve toparlama ihtiyac\u0131na da ba\u015far\u0131l\u0131 \u00e7\u00f6z\u00fcmler sunar. V\u00fccudun farkl\u0131 b\u00f6lgelerinde bulunan ve farkl\u0131 nedenlerden kaynaklanan \u00e7atlaklar\u0131n g\u00f6r\u00fcn\u00fcm\u00fcnde genel bir d\u00fczelme sa\u011flar.<br \/>\n[\/et_pb_text][\/et_pb_column][\/et_pb_row][\/et_pb_section][et_pb_section fb_built=&#8221;1&#8243; _builder_version=&#8221;3.22.7&#8243; custom_padding=&#8221;||0px|||&#8221; bb_built=&#8221;1&#8243; _i=&#8221;2&#8243; _address=&#8221;2&#8243;][et_pb_row _builder_version=&#8221;3.25&#8243; width_tablet=&#8221;75%&#8221; width_phone=&#8221;80%&#8221; width_last_edited=&#8221;on|phone&#8221; _i=&#8221;0&#8243; _address=&#8221;2.0&#8243;][et_pb_column type=&#8221;4_4&#8243; _builder_version=&#8221;3.25&#8243; custom_padding=&#8221;|||&#8221; _i=&#8221;0&#8243; _address=&#8221;2.0.0&#8243; custom_padding__hover=&#8221;|||&#8221;][et_pb_accordion open_toggle_text_color=&#8221;#f9a093&#8243; closed_toggle_text_color=&#8221;#f9a093&#8243; closed_toggle_background_color=&#8221;#ffffff&#8221; icon_color=&#8221;#f9a093&#8243; _builder_version=&#8221;3.22.7&#8243; toggle_level=&#8221;h2&#8243; toggle_font=&#8221;Montserrat||||||||&#8221; z_index_tablet=&#8221;500&#8243; border_width_all=&#8221;0px&#8221; _i=&#8221;0&#8243; _address=&#8221;2.0.0.0&#8243;][et_pb_accordion_item title=&#8221;Velashape Nedir?&#8221; open=&#8221;on&#8221; _builder_version=&#8221;3.22.7&#8243; _i=&#8221;0&#8243; _address=&#8221;2.0.0.0.0&#8243;]VelaShape III, sel\u00fcliti d\u00fczeltebilecek ve b\u00f6lgesel incelme ile v\u00fccudu \u015fekillendirebilecek tek seans protokol\u00fcne sahip bir sistemdir. Ya\u015fant\u0131n\u0131z\u0131n g\u00fcnl\u00fck ak\u0131\u015f\u0131n\u0131 aksatmadan veya size belirgin bir rahats\u0131zl\u0131k vermeden \u00e7arp\u0131c\u0131 sonu\u00e7lar alman\u0131z\u0131 sa\u011flar. Hamilelik sonras\u0131nda olu\u015fan s\u0131k\u0131la\u015fma ve toparlama ihtiyac\u0131na da ba\u015far\u0131l\u0131 \u00e7\u00f6z\u00fcmler sunar. V\u00fccudun farkl\u0131 b\u00f6lgelerinde bulunan ve farkl\u0131 nedenlerden kaynaklanan \u00e7atlaklar\u0131n g\u00f6r\u00fcn\u00fcm\u00fcnde genel bir d\u00fczelme sa\u011flar.<\/p>\n<p>VelaShape\u2019in s\u0131rr\u0131; ya\u011f dokular\u0131n\u0131n g\u00f6r\u00fcn\u00fcm\u00fcn\u00fc ve hacmini azaltmak i\u00e7in elos teknolojisiyle vakum ve doku manip\u00fclasyonunu birle\u015ftiren ilk ve tek teknoloji olmas\u0131d\u0131r.<\/p>\n<p>FDA (Amerikan G\u0131da ve \u0130la\u00e7 Dairesi) onayl\u0131 ve s\u0131n\u0131f\u0131n\u0131n en g\u00fc\u00e7l\u00fc cihaz\u0131 olan sistem k\u0131z\u0131l \u00f6tesi \u0131\u015f\u0131nlar, bi-polar radyo frekans dalgalar\u0131 ve mekanik vakum teknolojilerini \u00fc\u00e7l\u00fcs\u00fcn\u00fcn birle\u015ftirdi\u011fi etkili bir \u015fekilde dokuyu \u00fc\u00e7 milimetreden 15 milimetre derinli\u011fe kadar \u0131s\u0131tabiliyor. K\u0131z\u0131l \u00f6tesi \u0131\u015f\u0131nlar, bi-polar radyo frekans ve vakum g\u00fc\u00e7 birli\u011fi teknolojini birlikteli\u011fi ile ya\u011f h\u00fccreleri ve \u00e7evrelerini saran ba\u011fdokusunun alt\u0131ndaki kolajen liflerinin derinlemesine \u0131s\u0131t\u0131lmas\u0131n\u0131 sa\u011fl\u0131yor. Dola\u015f\u0131m h\u0131zlan\u0131yor, lenfatik drenaj ve h\u00fccre metabolizmas\u0131n\u0131n h\u0131z\u0131 art\u0131yor. Cilt h\u00fccreleri daha fazla kolajen ve fibroblast \u00fcretmeye ba\u015fl\u0131yor. Bu etkiler sayesinde ciltte bir yeniden yap\u0131lanma s\u00fcreci ba\u015fl\u0131yor. Sonu\u00e7; birka\u00e7 seansta ciltte s\u0131k\u0131la\u015fma, toparlanma ve sel\u00fclitlerin g\u00f6r\u00fcn\u00fcm\u00fcnde belirgin bir d\u00fczelme ve cildin kalitesinde g\u00f6zle g\u00f6r\u00fcl\u00fcr bir art\u0131\u015f sa\u011fl\u0131yor.<br \/>\n[\/et_pb_accordion_item][et_pb_accordion_item title=&#8221;VelaShape III Hangi B\u00f6lgelerde Uygulan\u0131r?&#8221; _builder_version=&#8221;3.22.7&#8243; _i=&#8221;1&#8243; _address=&#8221;2.0.0.0.1&#8243; open=&#8221;off&#8221;]Bu i\u015flem en \u00e7ok kal\u00e7a, bacak ve kar\u0131n b\u00f6lgelerinde uygulansa da, VelaShape cihaz\u0131nda bulunan geni\u015f ve dar b\u00f6lgeler i\u00e7in tasarlanm\u0131\u015f olan iki aplikat\u00f6r vas\u0131tay\u0131sla t\u00fcm v\u00fccut i\u00e7in g\u00fcvenli ve etkili bir tedavi sa\u011flar.<br \/>\n[\/et_pb_accordion_item][et_pb_accordion_item title=&#8221;Hangi B\u00f6lgelerde Ka\u00e7 Santim Incelme Olur?&#8221; _builder_version=&#8221;3.22.7&#8243; _i=&#8221;2&#8243; _address=&#8221;2.0.0.0.2&#8243; open=&#8221;off&#8221;]Yap\u0131lan ara\u015ft\u0131rmalarda uygulama sonras\u0131nda m\u00fc\u015fterilerin kar\u0131n b\u00f6lgesinde yakla\u015f\u0131k 2,5 cm, bacak b\u00f6lgelerinde ise 1,5 cm\u2019lik bir incelme g\u00f6zlenmi\u015ftir. Hastalar\u0131m\u0131z i\u015flem yap\u0131lan b\u00f6lgede ortalama 1-3 cm aras\u0131nda bir incelme oldu\u011funu belirtiyorlar. Yeni do\u011fum yapm\u0131\u015f ki\u015filerden olu\u015fan hasta grubu ile yap\u0131lan bir \u00e7al\u0131\u015fmada, bu i\u015flem uyguland\u0131\u011f\u0131 100 hastadan 97\u2019sinin sonu\u00e7lardan son derece ho\u015fnut oldu\u011fu bildirilmektedir.<br \/>\n[\/et_pb_accordion_item][et_pb_accordion_item title=&#8221;Sonu\u00e7lar\u0131n Kal\u0131c\u0131l\u0131\u011f\u0131n\u0131 Sa\u011flamak I\u00e7in Ne Yapmal\u0131y\u0131m?&#8221; _builder_version=&#8221;3.22.7&#8243; _i=&#8221;3&#8243; _address=&#8221;2.0.0.0.3&#8243; open=&#8221;off&#8221;]Seanslar tamamland\u0131ktan sonra periyodik olarak yapt\u0131raca\u011f\u0131n\u0131z uygulamalar sonu\u00e7lar\u0131n kal\u0131c\u0131 olmas\u0131n sa\u011flayacakt\u0131r. Tabii, do\u011fru ya\u015fam se\u00e7imleri de sonu\u00e7lar\u0131n kal\u0131c\u0131l\u0131\u011f\u0131n\u0131 belirleyen fakt\u00f6rlerden biridir. Beslenmenize dikkat etmek ve egzersiz yapmak sonu\u00e7lar\u0131n\u0131n daha uzun \u00f6m\u00fcrl\u00fc k\u0131lacakt\u0131r.<br \/>\n[\/et_pb_accordion_item][et_pb_accordion_item title=&#8221;Bu Uygulama Benim I\u00e7in Uygun Mu?&#8221; _builder_version=&#8221;3.22.7&#8243; _i=&#8221;4&#8243; _address=&#8221;2.0.0.0.4&#8243; open=&#8221;off&#8221;]Bu uygulama hemen hemen herkes i\u00e7in uygundur. B\u00f6lgesel incelme, s\u0131k\u0131la\u015fma ve sel\u00fclit g\u00f6r\u00fcn\u00fcm\u00fcn\u00fc hafifletmek konusunda son derece etkili olan bu tedaviyi sadece cilt kalitesini art\u0131rmak i\u00e7in bile deneyebilirsiniz. Baz\u0131 m\u00fc\u015fterilerimiz zay\u0131f olduklar\u0131, hatta sel\u00fclit problemi ya\u015famad\u0131klar\u0131 halde v\u00fccutlar\u0131ndan ho\u015fnut de\u011fildir. Bunun nedeni ise ciltlerinin dirili\u011fini kaybetmesidir ve VelaShape III bu konuda da son derece etkilidir.<br \/>\n[\/et_pb_accordion_item][et_pb_accordion_item title=&#8221;Uygulanan I\u015flem G\u00fcvenli Midir?&#8221; _builder_version=&#8221;3.22.7&#8243; _i=&#8221;5&#8243; _address=&#8221;2.0.0.0.5&#8243; open=&#8221;off&#8221;]FDA (Amerikan G\u0131da ve \u0130la\u00e7 Dairesi), bu uygulaman\u0131n t\u00fcm cilt tipleri i\u00e7in uygun oldu\u011funu ve herhangi bir istenmeyen etkinin s\u00f6z konusu olmad\u0131\u011f\u0131n\u0131 onaylam\u0131\u015ft\u0131r. Yap\u0131lan ara\u015ft\u0131rmalar da k\u0131sa ya da uzun vadede bir yan etkiye rastlanmad\u0131\u011f\u0131n\u0131 ortaya koymaktad\u0131r.<br \/>\n[\/et_pb_accordion_item][et_pb_accordion_item title=&#8221;Uygulama S\u0131ras\u0131nda Ac\u0131 Hisseder Miyim?&#8221; _builder_version=&#8221;3.22.7&#8243; _i=&#8221;6&#8243; _address=&#8221;2.0.0.0.6&#8243; open=&#8221;off&#8221;]Hastalar\u0131m\u0131z\u0131n neredeyse tamam\u0131 i\u015flemi son derece rahat ve konforlu bulmaktad\u0131r. Hatta, \u00e7o\u011fu bu i\u015flemi gev\u015femelerini, kendilerini iyi hissetmelerini sa\u011flayan s\u0131cak bir derin doku masaj\u0131na benzetmektedir. VelaShape teknolojisinin en \u00f6nemli \u00f6zelli\u011fi, tasarlan\u0131rken hastan\u0131n cilt hassasiyetini ve konfor d\u00fczeyini g\u00f6z \u00f6n\u00fcne almas\u0131d\u0131r. Seans sonras\u0131nda i\u015flem yap\u0131lan b\u00f6lgede hastan\u0131n s\u0131cakl\u0131k hissetmesi son derece normaldir.<br \/>\n[\/et_pb_accordion_item][et_pb_accordion_item title=&#8221;ValeShape Yap\u0131lan B\u00f6lgede Ne Gibi Bir Fark G\u00f6rece\u011fim?&#8221; _builder_version=&#8221;3.22.7&#8243; _i=&#8221;7&#8243; _address=&#8221;2.0.0.0.7&#8243; open=&#8221;off&#8221;]ValeShape uygulanan b\u00f6lgede cilt daha s\u0131k\u0131 g\u00f6r\u00fcnmekte ve bu s\u0131k\u0131l\u0131k hasta taraf\u0131ndan belirgin bir \u015fekilde hissedilmektedir. Baz\u0131 durumlarda, ciltte birka\u00e7 saat boyunca k\u0131zar\u0131kl\u0131k g\u00f6r\u00fclebilir. \u00c7ok nadir olsa da i\u015flem yap\u0131lan b\u00f6lgede hassasiyet g\u00f6r\u00fclebilir. Bunlar ge\u00e7ici durumlard\u0131r.<br \/>\n[\/et_pb_accordion_item][et_pb_accordion_item title=&#8221;VelaShape III Teknolojisinin Avantajlar\u0131 Nelerdir?&#8221; _builder_version=&#8221;3.22.7&#8243; _i=&#8221;8&#8243; _address=&#8221;2.0.0.0.8&#8243; open=&#8221;off&#8221;]Her \u015feyden \u00f6nce VelaShape III, b\u00f6lgesel incelme konusunda FDA (Amerikan G\u0131da ve \u0130la\u00e7 Dairesi) taraf\u0131ndan onayl\u0131 ve cerrahi olmayan tek teknolojidir. K\u0131z\u0131l\u00f6tesi \u0131\u015f\u0131nlar\u0131, vakum ve mekanik mesaj\u0131 bir arada kullanan di\u011fer y\u00f6ntemlerin aksine sadece VelaShape III klinik olarak kan\u0131tlanm\u0131\u015f sonu\u00e7lar, etkinlik ve g\u00fcvenlik garantisi verebilir.<br \/>\n[\/et_pb_accordion_item][et_pb_accordion_item title=&#8221;VelaShape III Uygulamas\u0131 Ne Kadar S\u00fcrer?&#8221; _builder_version=&#8221;3.22.7&#8243; _i=&#8221;9&#8243; _address=&#8221;2.0.0.0.9&#8243; open=&#8221;off&#8221;]Tedavi edilen b\u00f6lgeye ve ka\u00e7 b\u00f6lgenin tedavi edilece\u011fine ba\u011fl\u0131 olarak minimum 60 dakika, 120 dakika s\u00fcrebilir. Sonu\u00e7lar\u0131n\u0131 korumak i\u00e7in, y\u0131l i\u00e7inde belli aral\u0131klarla tekrarlanmas\u0131 gerekir.<\/p>\n<p>VelaShape III ve UltraShape, ameliyats\u0131z b\u00f6lgesel incelme, v\u00fccut \u015fekillendirme, sel\u00fclit ve benzer sorunlara \u00e7\u00f6z\u00fcm arayanlar i\u00e7in birbirini tamamlayan do\u011fru bir ikilidir.<br \/>\n[\/et_pb_accordion_item][\/et_pb_accordion][\/et_pb_column][\/et_pb_row][\/et_pb_section][et_pb_section fb_built=&#8221;1&#8243; _builder_version=&#8221;3.22.7&#8243; custom_padding=&#8221;0px|||||&#8221; bb_built=&#8221;1&#8243; _i=&#8221;3&#8243; _address=&#8221;3&#8243;][et_pb_row _builder_version=&#8221;3.25&#8243; _i=&#8221;0&#8243; _address=&#8221;3.0&#8243; column_structure=&#8221;1_3,1_3,1_3&#8243;][et_pb_column type=&#8221;1_3&#8243; _builder_version=&#8221;3.25&#8243; custom_padding=&#8221;|||&#8221; _i=&#8221;0&#8243; _address=&#8221;3.0.0&#8243; custom_padding__hover=&#8221;|||&#8221;][et_pb_image src=&#8221;http:\/\/breezeclinics.com\/wp\/wp-content\/uploads\/2019\/04\/services_0.jpg&#8221; align_tablet=&#8221;center&#8221; align_last_edited=&#8221;on|desktop&#8221; _builder_version=&#8221;3.23&#8243; _i=&#8221;0&#8243; _address=&#8221;3.0.0.0&#8243;][\/et_pb_image][\/et_pb_column][et_pb_column type=&#8221;1_3&#8243; _builder_version=&#8221;3.25&#8243; custom_padding=&#8221;|||&#8221; _i=&#8221;1&#8243; _address=&#8221;3.0.1&#8243; custom_padding__hover=&#8221;|||&#8221;][et_pb_image src=&#8221;http:\/\/breezeclinics.com\/wp\/wp-content\/uploads\/2019\/04\/services_4-2.jpg&#8221; align_tablet=&#8221;center&#8221; align_last_edited=&#8221;on|desktop&#8221; _builder_version=&#8221;3.23&#8243; _i=&#8221;0&#8243; _address=&#8221;3.0.1.0&#8243;][\/et_pb_image][\/et_pb_column][et_pb_column type=&#8221;1_3&#8243; _builder_version=&#8221;3.25&#8243; custom_padding=&#8221;|||&#8221; _i=&#8221;2&#8243; _address=&#8221;3.0.2&#8243; custom_padding__hover=&#8221;|||&#8221;][et_pb_image src=&#8221;http:\/\/breezeclinics.com\/wp\/wp-content\/uploads\/2019\/04\/services_3.jpg&#8221; align_tablet=&#8221;center&#8221; align_last_edited=&#8221;on|desktop&#8221; _builder_version=&#8221;3.23&#8243; _i=&#8221;0&#8243; _address=&#8221;3.0.2.0&#8243;][\/et_pb_image][\/et_pb_column][\/et_pb_row][\/et_pb_section]<\/p>\n","protected":false},"excerpt":{"rendered":"<p>[et_pb_section fb_built=&#8221;1&#8243; fullwidth=&#8221;on&#8221; _builder_version=&#8221;3.22.7&#8243; background_color=&#8221;rgba(0,0,0,0.2)&#8221; background_image=&#8221;http:\/\/breezeclinics.com\/wp\/wp-content\/uploads\/2019\/05\/beautiful-woman-face.jpg&#8221; background_blend=&#8221;multiply&#8221; inner_width_tablet=&#8221;50px&#8221; inner_max_width_tablet=&#8221;50px&#8221; min_height_last_edited=&#8221;on|phone&#8221; height_last_edited=&#8221;on|phone&#8221; custom_margin=&#8221;|||&#8221; custom_padding=&#8221;|||&#8221; z_index_tablet=&#8221;500&#8243; bb_built=&#8221;1&#8243; _i=&#8221;0&#8243; _address=&#8221;0&#8243;][et_pb_fullwidth_header title=&#8221;velashape&#8221; subhead=&#8221;SA\u011eLIKLI YA\u015eAM VE ZAYIFLAMA&#8221; _builder_version=&#8221;3.22.7&#8243; title_font=&#8221;Montserrat||||||||&#8221; title_text_align=&#8221;center&#8221; title_font_size=&#8221;70px&#8221; subhead_font=&#8221;Montserrat||||||||&#8221; subhead_text_align=&#8221;center&#8221; subhead_font_size=&#8221;19px&#8221; subhead_letter_spacing=&#8221;2px&#8221; background_color=&#8221;rgba(249,160,147,0)&#8221; custom_margin=&#8221;|||&#8221; custom_padding=&#8221;|||&#8221; z_index_tablet=&#8221;500&#8243; title_text_shadow_style=&#8221;preset2&#8243; title_text_shadow_horizontal_length=&#8221;0.03em&#8221; title_text_shadow_vertical_length=&#8221;0.03em&#8221; title_text_shadow_blur_strength=&#8221;0.03em&#8221; subhead_text_shadow_style=&#8221;preset2&#8243; subhead_text_shadow_horizontal_length=&#8221;0.04em&#8221; subhead_text_shadow_vertical_length=&#8221;0.04em&#8221; subhead_text_shadow_blur_strength=&#8221;0.04em&#8221; subhead_text_shadow_color=&#8221;rgba(0,0,0,0.81)&#8221; _i=&#8221;0&#8243; _address=&#8221;0.0&#8243;][\/et_pb_fullwidth_header][\/et_pb_section][et_pb_section fb_built=&#8221;1&#8243; _builder_version=&#8221;3.22.7&#8243; background_color=&#8221;#f9a093&#8243; width_last_edited=&#8221;on|desktop&#8221; z_index_tablet=&#8221;500&#8243; bb_built=&#8221;1&#8243; _i=&#8221;1&#8243; _address=&#8221;1&#8243;][et_pb_row _builder_version=&#8221;3.25&#8243; background_size=&#8221;initial&#8221; [&hellip;]<\/p>\n","protected":false},"author":1,"featured_media":0,"parent":166,"menu_order":0,"comment_status":"closed","ping_status":"closed","template":"","meta":{"_et_pb_use_builder":"on","_et_pb_old_content":"","_et_gb_content_width":""},"yoast_head":"<!-- This site is optimized with the Yoast SEO plugin v15.2.1 - https:\/\/yoast.com\/wordpress\/plugins\/seo\/ -->\n<title>Velashape - Breeze Clinics<\/title>\n<meta name=\"robots\" content=\"index, follow, max-snippet:-1, max-image-preview:large, max-video-preview:-1\" \/>\n<link rel=\"canonical\" href=\"https:\/\/breezeclinics.com\/wp\/servisler\/velashape\/\" \/>\n<meta property=\"og:locale\" content=\"tr_TR\" \/>\n<meta property=\"og:type\" content=\"article\" \/>\n<meta property=\"og:title\" content=\"Velashape - Breeze Clinics\" \/>\n<meta property=\"og:description\" content=\"[et_pb_section fb_built=&#8221;1&#8243; fullwidth=&#8221;on&#8221; _builder_version=&#8221;3.22.7&#8243; background_color=&#8221;rgba(0,0,0,0.2)&#8221; background_image=&#8221;http:\/\/breezeclinics.com\/wp\/wp-content\/uploads\/2019\/05\/beautiful-woman-face.jpg&#8221; background_blend=&#8221;multiply&#8221; inner_width_tablet=&#8221;50px&#8221; inner_max_width_tablet=&#8221;50px&#8221; min_height_last_edited=&#8221;on|phone&#8221; height_last_edited=&#8221;on|phone&#8221; custom_margin=&#8221;|||&#8221; custom_padding=&#8221;|||&#8221; z_index_tablet=&#8221;500&#8243; bb_built=&#8221;1&#8243; _i=&#8221;0&#8243; _address=&#8221;0&#8243;][et_pb_fullwidth_header title=&#8221;velashape&#8221; subhead=&#8221;SA\u011eLIKLI YA\u015eAM VE ZAYIFLAMA&#8221; _builder_version=&#8221;3.22.7&#8243; title_font=&#8221;Montserrat||||||||&#8221; title_text_align=&#8221;center&#8221; title_font_size=&#8221;70px&#8221; subhead_font=&#8221;Montserrat||||||||&#8221; subhead_text_align=&#8221;center&#8221; subhead_font_size=&#8221;19px&#8221; subhead_letter_spacing=&#8221;2px&#8221; background_color=&#8221;rgba(249,160,147,0)&#8221; custom_margin=&#8221;|||&#8221; custom_padding=&#8221;|||&#8221; z_index_tablet=&#8221;500&#8243; title_text_shadow_style=&#8221;preset2&#8243; title_text_shadow_horizontal_length=&#8221;0.03em&#8221; title_text_shadow_vertical_length=&#8221;0.03em&#8221; title_text_shadow_blur_strength=&#8221;0.03em&#8221; subhead_text_shadow_style=&#8221;preset2&#8243; subhead_text_shadow_horizontal_length=&#8221;0.04em&#8221; subhead_text_shadow_vertical_length=&#8221;0.04em&#8221; subhead_text_shadow_blur_strength=&#8221;0.04em&#8221; subhead_text_shadow_color=&#8221;rgba(0,0,0,0.81)&#8221; _i=&#8221;0&#8243; _address=&#8221;0.0&#8243;][\/et_pb_fullwidth_header][\/et_pb_section][et_pb_section fb_built=&#8221;1&#8243; _builder_version=&#8221;3.22.7&#8243; background_color=&#8221;#f9a093&#8243; width_last_edited=&#8221;on|desktop&#8221; z_index_tablet=&#8221;500&#8243; bb_built=&#8221;1&#8243; _i=&#8221;1&#8243; _address=&#8221;1&#8243;][et_pb_row _builder_version=&#8221;3.25&#8243; background_size=&#8221;initial&#8221; [&hellip;]\" \/>\n<meta property=\"og:url\" content=\"https:\/\/breezeclinics.com\/wp\/servisler\/velashape\/\" \/>\n<meta property=\"og:site_name\" content=\"Breeze Clinics\" \/>\n<meta property=\"article:publisher\" content=\"https:\/\/www.facebook.com\/clinicupistanbul\/\" \/>\n<meta property=\"article:modified_time\" content=\"2019-10-06T00:25:25+00:00\" \/>\n<meta name=\"twitter:card\" content=\"summary_large_image\" \/>\n<meta name=\"twitter:label1\" content=\"Written by\">\n\t<meta name=\"twitter:data1\" content=\"clinicup\">\n\t<meta name=\"twitter:label2\" content=\"Tahmini okuma s\u00fcresi\">\n\t<meta name=\"twitter:data2\" content=\"7 dakika\">\n<script type=\"application\/ld+json\" class=\"yoast-schema-graph\">{\"@context\":\"https:\/\/schema.org\",\"@graph\":[{\"@type\":\"Organization\",\"@id\":\"http:\/\/breezeclinics.com\/wp\/en\/#organization\",\"name\":\"ClinicUp\",\"url\":\"http:\/\/breezeclinics.com\/wp\/en\/\",\"sameAs\":[\"https:\/\/www.facebook.com\/clinicupistanbul\/\",\"https:\/\/www.instagram.com\/clinicupistanbul\/\",\"https:\/\/www.youtube.com\/channel\/UCL2vBxNFx6y_8yleqsl0RDw\"],\"logo\":{\"@type\":\"ImageObject\",\"@id\":\"http:\/\/breezeclinics.com\/wp\/en\/#logo\",\"inLanguage\":\"tr\",\"url\":\"https:\/\/breezeclinics.com\/wp\/wp-content\/uploads\/2019\/06\/Clinicup-222.png\",\"width\":1767,\"height\":1376,\"caption\":\"ClinicUp\"},\"image\":{\"@id\":\"http:\/\/breezeclinics.com\/wp\/en\/#logo\"}},{\"@type\":\"WebSite\",\"@id\":\"http:\/\/breezeclinics.com\/wp\/en\/#website\",\"url\":\"http:\/\/breezeclinics.com\/wp\/en\/\",\"name\":\"Breeze Clinics\",\"description\":\"Sa\\u011fl\\u0131kl\\u0131 Ya\\u015fam Merkezi\",\"publisher\":{\"@id\":\"http:\/\/breezeclinics.com\/wp\/en\/#organization\"},\"potentialAction\":[{\"@type\":\"SearchAction\",\"target\":\"http:\/\/breezeclinics.com\/wp\/en\/?s={search_term_string}\",\"query-input\":\"required name=search_term_string\"}],\"inLanguage\":\"tr\"},{\"@type\":\"WebPage\",\"@id\":\"https:\/\/breezeclinics.com\/wp\/servisler\/velashape\/#webpage\",\"url\":\"https:\/\/breezeclinics.com\/wp\/servisler\/velashape\/\",\"name\":\"Velashape - Breeze Clinics\",\"isPartOf\":{\"@id\":\"http:\/\/breezeclinics.com\/wp\/en\/#website\"},\"datePublished\":\"2019-05-15T15:23:01+00:00\",\"dateModified\":\"2019-10-06T00:25:25+00:00\",\"inLanguage\":\"tr\",\"potentialAction\":[{\"@type\":\"ReadAction\",\"target\":[\"https:\/\/breezeclinics.com\/wp\/servisler\/velashape\/\"]}]}]}<\/script>\n<!-- \/ Yoast SEO plugin. -->","_links":{"self":[{"href":"https:\/\/breezeclinics.com\/wp\/wp-json\/wp\/v2\/pages\/325"}],"collection":[{"href":"https:\/\/breezeclinics.com\/wp\/wp-json\/wp\/v2\/pages"}],"about":[{"href":"https:\/\/breezeclinics.com\/wp\/wp-json\/wp\/v2\/types\/page"}],"author":[{"embeddable":true,"href":"https:\/\/breezeclinics.com\/wp\/wp-json\/wp\/v2\/users\/1"}],"replies":[{"embeddable":true,"href":"https:\/\/breezeclinics.com\/wp\/wp-json\/wp\/v2\/comments?post=325"}],"version-history":[{"count":3,"href":"https:\/\/breezeclinics.com\/wp\/wp-json\/wp\/v2\/pages\/325\/revisions"}],"predecessor-version":[{"id":1466,"href":"https:\/\/breezeclinics.com\/wp\/wp-json\/wp\/v2\/pages\/325\/revisions\/1466"}],"up":[{"embeddable":true,"href":"https:\/\/breezeclinics.com\/wp\/wp-json\/wp\/v2\/pages\/166"}],"wp:attachment":[{"href":"https:\/\/breezeclinics.com\/wp\/wp-json\/wp\/v2\/media?parent=325"}],"curies":[{"name":"wp","href":"https:\/\/api.w.org\/{rel}","templated":true}]}}